{"id":19,"date":"2017-09-18T23:01:12","date_gmt":"2017-09-18T23:01:12","guid":{"rendered":"https:\/\/tatutoys.com.br\/press\/?page_id=19"},"modified":"2025-05-03T17:38:06","modified_gmt":"2025-05-03T17:38:06","slug":"galeria","status":"publish","type":"page","link":"https:\/\/tatutoys.com.br\/press\/galeria\/","title":{"rendered":"CONSULTOR"},"content":{"rendered":"\n<p class=\"has-text-align-center\"><strong><mark style=\"background-color:rgba(0, 0, 0, 0);color:#126547\" class=\"has-inline-color\">+975 Kwp, +2000 M\u00d3DULOS INSTALADOS<\/mark><\/strong><\/p>\n\n\n\n<p><\/p>\n\n\n\n<p class=\"has-text-align-center\"><\/p>\n\n\n\n<h2 class=\"wp-block-heading has-text-align-center\"><strong><em><span style=\"color:#0fb847\" class=\"has-inline-color\">CONSULTORIA TOTAL EM TODAS AS ETAPAS DO PROJETO<\/span><\/em><\/strong><\/h2>\n\n\n\n<p><\/p>\n\n\n\n<div class=\"wp-block-group\"><div class=\"wp-block-group__inner-container is-layout-flow wp-block-group-is-layout-flow\">\n<p class=\"has-text-align-center\"><img loading=\"lazy\" decoding=\"async\" width=\"150\" height=\"78\" class=\"wp-image-44\" style=\"width: 150px;\" src=\"https:\/\/tatutoys.com.br\/press\/wp-content\/uploads\/2020\/11\/fotovoltaica2-770x401-1.jpg\" alt=\"\" srcset=\"https:\/\/tatutoys.com.br\/press\/wp-content\/uploads\/2020\/11\/fotovoltaica2-770x401-1.jpg 770w, https:\/\/tatutoys.com.br\/press\/wp-content\/uploads\/2020\/11\/fotovoltaica2-770x401-1-300x156.jpg 300w, https:\/\/tatutoys.com.br\/press\/wp-content\/uploads\/2020\/11\/fotovoltaica2-770x401-1-768x400.jpg 768w\" sizes=\"auto, (max-width: 150px) 100vw, 150px\" \/><\/p>\n\n\n\n<p class=\"has-text-align-center\"><strong><em><span class=\"has-inline-color has-vivid-cyan-blue-color\">-SOLU\u00c7\u00d5ES E ALTERNATIVAS PARA A INSTALA\u00c7\u00c3O<\/span><\/em><\/strong><\/p>\n\n\n\n<p class=\"has-text-align-center\"><em><strong><span class=\"has-inline-color has-vivid-cyan-blue-color\">-CR\u00c9DITO JUNTO A INSTITUI\u00c7\u00c3O FINANCEIR<\/span><\/strong><\/em><strong><em><span class=\"has-inline-color has-vivid-cyan-blue-color\">A<\/span><\/em><\/strong><\/p>\n\n\n\n<p class=\"has-text-align-center\"><strong><em><span class=\"has-inline-color has-vivid-cyan-blue-color\">-AN\u00c1LISE DOS EQUIPAMENTOS E INTEGRADORES SOLARES<\/span><\/em><\/strong><\/p>\n\n\n\n<p class=\"has-text-align-center\"><strong><em><span class=\"has-inline-color has-vivid-cyan-blue-color\">-ACOMPANHAMENTO NA EXECU\u00c7\u00c3O DAS OBRAS<\/span><\/em><\/strong><\/p>\n\n\n\n<p class=\"has-text-align-center\"><strong><em><span class=\"has-inline-color has-vivid-cyan-blue-color\">-MONITORAMENTO DA USINA<\/span><\/em><\/strong><\/p>\n<\/div><\/div>\n\n\n\n<figure class=\"wp-block-gallery aligncenter has-nested-images columns-default is-cropped wp-block-gallery-1 is-layout-flex wp-block-gallery-is-layout-flex\">\n<figure class=\"wp-block-image size-large\"><img loading=\"lazy\" decoding=\"async\" width=\"1024\" height=\"576\" data-id=\"110\" src=\"https:\/\/tatutoys.com.br\/press\/wp-content\/uploads\/2020\/11\/android-nov20-1764-1024x576.jpg\" alt=\"\" class=\"wp-image-110\" srcset=\"https:\/\/tatutoys.com.br\/press\/wp-content\/uploads\/2020\/11\/android-nov20-1764-1024x576.jpg 1024w, https:\/\/tatutoys.com.br\/press\/wp-content\/uploads\/2020\/11\/android-nov20-1764-300x169.jpg 300w, https:\/\/tatutoys.com.br\/press\/wp-content\/uploads\/2020\/11\/android-nov20-1764-768x432.jpg 768w, https:\/\/tatutoys.com.br\/press\/wp-content\/uploads\/2020\/11\/android-nov20-1764.jpg 1032w\" sizes=\"auto, (max-width: 1024px) 100vw, 1024px\" \/><\/figure>\n\n\n\n<figure class=\"wp-block-image size-large\"><img loading=\"lazy\" decoding=\"async\" width=\"1024\" height=\"576\" data-id=\"113\" src=\"https:\/\/tatutoys.com.br\/press\/wp-content\/uploads\/2020\/11\/android-nov20-1778-1024x576.jpg\" alt=\"\" class=\"wp-image-113\" srcset=\"https:\/\/tatutoys.com.br\/press\/wp-content\/uploads\/2020\/11\/android-nov20-1778-1024x576.jpg 1024w, https:\/\/tatutoys.com.br\/press\/wp-content\/uploads\/2020\/11\/android-nov20-1778-300x169.jpg 300w, https:\/\/tatutoys.com.br\/press\/wp-content\/uploads\/2020\/11\/android-nov20-1778-768x432.jpg 768w, https:\/\/tatutoys.com.br\/press\/wp-content\/uploads\/2020\/11\/android-nov20-1778.jpg 1032w\" sizes=\"auto, (max-width: 1024px) 100vw, 1024px\" \/><\/figure>\n\n\n\n<figure class=\"wp-block-image size-large\"><img loading=\"lazy\" decoding=\"async\" width=\"737\" height=\"492\" data-id=\"108\" src=\"https:\/\/tatutoys.com.br\/press\/wp-content\/uploads\/2020\/11\/android-nov20-2748-e1606498926303.jpg\" alt=\"\" class=\"wp-image-108\"\/><\/figure>\n\n\n\n<figure class=\"wp-block-image size-large\"><img loading=\"lazy\" decoding=\"async\" width=\"1024\" height=\"1024\" data-id=\"25\" src=\"https:\/\/tatutoys.com.br\/press\/wp-content\/uploads\/2020\/11\/IMG-20200206-WA0037-1024x1024.jpg\" alt=\"\" class=\"wp-image-25\" srcset=\"https:\/\/tatutoys.com.br\/press\/wp-content\/uploads\/2020\/11\/IMG-20200206-WA0037-1024x1024.jpg 1024w, https:\/\/tatutoys.com.br\/press\/wp-content\/uploads\/2020\/11\/IMG-20200206-WA0037-300x300.jpg 300w, https:\/\/tatutoys.com.br\/press\/wp-content\/uploads\/2020\/11\/IMG-20200206-WA0037-150x150.jpg 150w, https:\/\/tatutoys.com.br\/press\/wp-content\/uploads\/2020\/11\/IMG-20200206-WA0037-768x768.jpg 768w, https:\/\/tatutoys.com.br\/press\/wp-content\/uploads\/2020\/11\/IMG-20200206-WA0037.jpg 1280w\" sizes=\"auto, (max-width: 1024px) 100vw, 1024px\" \/><\/figure>\n\n\n\n<figure class=\"wp-block-image size-large\"><img loading=\"lazy\" decoding=\"async\" width=\"768\" height=\"1024\" data-id=\"107\" src=\"https:\/\/tatutoys.com.br\/press\/wp-content\/uploads\/2020\/11\/android-nov20-2746-768x1024.jpg\" alt=\"\" class=\"wp-image-107\" srcset=\"https:\/\/tatutoys.com.br\/press\/wp-content\/uploads\/2020\/11\/android-nov20-2746-768x1024.jpg 768w, https:\/\/tatutoys.com.br\/press\/wp-content\/uploads\/2020\/11\/android-nov20-2746-225x300.jpg 225w, https:\/\/tatutoys.com.br\/press\/wp-content\/uploads\/2020\/11\/android-nov20-2746.jpg 864w\" sizes=\"auto, (max-width: 768px) 100vw, 768px\" \/><\/figure>\n\n\n\n<figure class=\"wp-block-image size-large\"><img loading=\"lazy\" decoding=\"async\" width=\"1024\" height=\"576\" data-id=\"118\" src=\"https:\/\/tatutoys.com.br\/press\/wp-content\/uploads\/2020\/11\/android-nov20-2751-1024x576.jpg\" alt=\"\" class=\"wp-image-118\" srcset=\"https:\/\/tatutoys.com.br\/press\/wp-content\/uploads\/2020\/11\/android-nov20-2751-1024x576.jpg 1024w, https:\/\/tatutoys.com.br\/press\/wp-content\/uploads\/2020\/11\/android-nov20-2751-300x169.jpg 300w, https:\/\/tatutoys.com.br\/press\/wp-content\/uploads\/2020\/11\/android-nov20-2751-768x432.jpg 768w, https:\/\/tatutoys.com.br\/press\/wp-content\/uploads\/2020\/11\/android-nov20-2751.jpg 1032w\" sizes=\"auto, (max-width: 1024px) 100vw, 1024px\" \/><\/figure>\n<\/figure>\n\n\n\n<p><\/p>\n","protected":false},"excerpt":{"rendered":"<p>+975 Kwp, +2000 M\u00d3DULOS INSTALADOS CONSULTORIA TOTAL EM TODAS AS ETAPAS DO PROJETO -SOLU\u00c7\u00d5ES E ALTERNATIVAS PARA A INSTALA\u00c7\u00c3O -CR\u00c9DITO JUNTO A INSTITUI\u00c7\u00c3O FINANCEIRA -AN\u00c1LISE DOS EQUIPAMENTOS E INTEGRADORES SOLARES -ACOMPANHAMENTO NA EXECU\u00c7\u00c3O DAS OBRAS&hellip;<\/p>\n","protected":false},"author":1,"featured_media":0,"parent":0,"menu_order":0,"comment_status":"closed","ping_status":"closed","template":"","meta":{"pagelayer_contact_templates":[],"_pagelayer_content":"","footnotes":""},"class_list":["post-19","page","type-page","status-publish","hentry"],"_links":{"self":[{"href":"https:\/\/tatutoys.com.br\/press\/wp-json\/wp\/v2\/pages\/19","targetHints":{"allow":["GET"]}}],"collection":[{"href":"https:\/\/tatutoys.com.br\/press\/wp-json\/wp\/v2\/pages"}],"about":[{"href":"https:\/\/tatutoys.com.br\/press\/wp-json\/wp\/v2\/types\/page"}],"author":[{"embeddable":true,"href":"https:\/\/tatutoys.com.br\/press\/wp-json\/wp\/v2\/users\/1"}],"replies":[{"embeddable":true,"href":"https:\/\/tatutoys.com.br\/press\/wp-json\/wp\/v2\/comments?post=19"}],"version-history":[{"count":46,"href":"https:\/\/tatutoys.com.br\/press\/wp-json\/wp\/v2\/pages\/19\/revisions"}],"predecessor-version":[{"id":712,"href":"https:\/\/tatutoys.com.br\/press\/wp-json\/wp\/v2\/pages\/19\/revisions\/712"}],"wp:attachment":[{"href":"https:\/\/tatutoys.com.br\/press\/wp-json\/wp\/v2\/media?parent=19"}],"curies":[{"name":"wp","href":"https:\/\/api.w.org\/{rel}","templated":true}]}}