{"id":241,"date":"2017-09-18T18:05:53","date_gmt":"2017-09-18T18:05:53","guid":{"rendered":"https:\/\/tatutoys.com.br\/press\/?page_id=241"},"modified":"2025-05-03T17:39:12","modified_gmt":"2025-05-03T17:39:12","slug":"noticias-do-setor","status":"publish","type":"page","link":"https:\/\/tatutoys.com.br\/press\/noticias-do-setor\/","title":{"rendered":"VIDEOS DE PROJETOS"},"content":{"rendered":"\n<p class=\"has-text-align-center\"><strong>CONSULTORIA E IMPLANTA\u00c7\u00c3O DE USINAS COM FONTE DE<\/strong> <mark style=\"background-color:rgba(0, 0, 0, 0)\" class=\"has-inline-color has-black-color\"><strong>ENERGIA SOLAR FOTOVOLTAICA <\/strong><\/mark><\/p>\n\n\n\n<p class=\"has-text-align-center\"><mark style=\"background-color:rgba(0, 0, 0, 0)\" class=\"has-inline-color has-black-color\"><strong> <\/strong> <\/mark><strong> 0,975 Mwp DE POT\u00caNCIA   <\/strong><\/p>\n\n\n\n<p class=\"has-text-align-center\"><strong> + 117.000 Kwh M\u00caS EM GERA\u00c7\u00c3O DE ENERGIA LIMPA<\/strong><\/p>\n\n\n\n<p class=\"has-text-align-center\"><strong><mark style=\"background-color:rgba(0, 0, 0, 0)\" class=\"has-inline-color has-black-color\">+975 Kwp +2000 M\u00d3DULOS INSTALADOS<\/mark><\/strong><\/p>\n\n\n\n<figure class=\"wp-block-embed is-type-video is-provider-youtube wp-block-embed-youtube wp-embed-aspect-4-3 wp-has-aspect-ratio\"><div class=\"wp-block-embed__wrapper\">\n<iframe loading=\"lazy\" title=\"USINA 71.94\" width=\"1140\" height=\"855\" src=\"https:\/\/www.youtube.com\/embed\/N_vGQ4cIj_Q?feature=oembed\" frameborder=\"0\" allow=\"accelerometer; autoplay; clipboard-write; encrypted-media; gyroscope; picture-in-picture\" allowfullscreen><\/iframe>\n<\/div><\/figure>\n\n\n\n<figure class=\"wp-block-embed is-type-video is-provider-youtube wp-block-embed-youtube wp-embed-aspect-4-3 wp-has-aspect-ratio\"><div class=\"wp-block-embed__wrapper\">\n<iframe loading=\"lazy\" title=\"SM PARANA PROJECAO 50K\" width=\"1140\" height=\"855\" src=\"https:\/\/www.youtube.com\/embed\/IvMEzvgQVkk?feature=oembed\" frameborder=\"0\" allow=\"accelerometer; autoplay; clipboard-write; encrypted-media; gyroscope; picture-in-picture\" allowfullscreen><\/iframe>\n<\/div><\/figure>\n\n\n\n<figure class=\"wp-block-embed is-type-video is-provider-youtube wp-block-embed-youtube wp-embed-aspect-4-3 wp-has-aspect-ratio\"><div class=\"wp-block-embed__wrapper\">\n<iframe loading=\"lazy\" title=\"USINA SOLO 10.81 KW\/P\" width=\"1140\" height=\"855\" src=\"https:\/\/www.youtube.com\/embed\/EDjLvC1glrk?feature=oembed\" frameborder=\"0\" allow=\"accelerometer; autoplay; clipboard-write; encrypted-media; gyroscope; picture-in-picture\" allowfullscreen><\/iframe>\n<\/div><\/figure>\n\n\n\n<figure class=\"wp-block-embed is-type-video is-provider-youtube wp-block-embed-youtube wp-embed-aspect-4-3 wp-has-aspect-ratio\"><div class=\"wp-block-embed__wrapper\">\n<iframe loading=\"lazy\" title=\"USINA 12.9 KW\/P\" width=\"1140\" height=\"855\" src=\"https:\/\/www.youtube.com\/embed\/Xj586A54C9M?feature=oembed\" frameborder=\"0\" allow=\"accelerometer; autoplay; clipboard-write; encrypted-media; gyroscope; picture-in-picture\" allowfullscreen><\/iframe>\n<\/div><\/figure>\n","protected":false},"excerpt":{"rendered":"<p>CONSULTORIA E IMPLANTA\u00c7\u00c3O DE USINAS COM FONTE DE ENERGIA SOLAR FOTOVOLTAICA 0,975 Mwp DE POT\u00caNCIA + 117.000 Kwh M\u00caS EM GERA\u00c7\u00c3O DE ENERGIA LIMPA +975 Kwp +2000 M\u00d3DULOS INSTALADOS<\/p>\n","protected":false},"author":1,"featured_media":0,"parent":0,"menu_order":0,"comment_status":"closed","ping_status":"closed","template":"","meta":{"pagelayer_contact_templates":[],"_pagelayer_content":"","footnotes":""},"class_list":["post-241","page","type-page","status-publish","hentry"],"_links":{"self":[{"href":"https:\/\/tatutoys.com.br\/press\/wp-json\/wp\/v2\/pages\/241","targetHints":{"allow":["GET"]}}],"collection":[{"href":"https:\/\/tatutoys.com.br\/press\/wp-json\/wp\/v2\/pages"}],"about":[{"href":"https:\/\/tatutoys.com.br\/press\/wp-json\/wp\/v2\/types\/page"}],"author":[{"embeddable":true,"href":"https:\/\/tatutoys.com.br\/press\/wp-json\/wp\/v2\/users\/1"}],"replies":[{"embeddable":true,"href":"https:\/\/tatutoys.com.br\/press\/wp-json\/wp\/v2\/comments?post=241"}],"version-history":[{"count":82,"href":"https:\/\/tatutoys.com.br\/press\/wp-json\/wp\/v2\/pages\/241\/revisions"}],"predecessor-version":[{"id":713,"href":"https:\/\/tatutoys.com.br\/press\/wp-json\/wp\/v2\/pages\/241\/revisions\/713"}],"wp:attachment":[{"href":"https:\/\/tatutoys.com.br\/press\/wp-json\/wp\/v2\/media?parent=241"}],"curies":[{"name":"wp","href":"https:\/\/api.w.org\/{rel}","templated":true}]}}